{"id":350,"date":"2017-11-11T13:51:10","date_gmt":"2017-11-11T12:51:10","guid":{"rendered":"https:\/\/stress-oxydatif-solutions.com\/?page_id=350"},"modified":"2018-03-10T17:32:13","modified_gmt":"2018-03-10T16:32:13","slug":"diagnose","status":"publish","type":"page","link":"https:\/\/stress-oxydatif-solutions.com\/en\/info\/diagnose\/","title":{"rendered":"Diagnose"},"content":{"rendered":"<p>[et_pb_section bb_built=&#8221;1&#8243;][et_pb_row][et_pb_column type=&#8221;4_4&#8243;][et_pb_text _builder_version=&#8221;3.0.87&#8243; background_layout=&#8221;light&#8221;]<\/p>\n<h1>FRAS 5 enters the medical practice from vanguard scientific research<\/h1>\n<p>FRAS 5 is the most advanced system for measuring oxidative stress. FRAS 5 uses plasma or serum instead of whole blood, and therefore, it is not influenced by the hematocrit that causes altered and thus inaccurate values.You need only one blood withdrawal to perform the two tests d-ROMs fast and PAT.<\/p>\n<p>Reading times are the shortest: two and half minutes for d-ROMs fast test and 1 minute for PAT test. PAT is the most recent evolution in the test for the evaluation of antioxidants: it is the only test that eliminates the interferences of phosphates and therefore it is both the most specific and the fastest. The SAT test allows the evaluation of the antioxidant activity of saliva helping the prevention of problems and diseases in the oral cavity<\/p>\n<p>Thanks to these real-time tests, it is possible to establish an accurate and reliable diagnosis of oxidative stress. By these assessment only, you can optimize specific antioxidant therapies and monitor their effectiveness.<\/p>\n<p>[\/et_pb_text][\/et_pb_column][\/et_pb_row][et_pb_row][et_pb_column type=&#8221;4_4&#8243;][et_pb_divider admin_label=&#8221;S\u00e9parateur 1px&#8221; _builder_version=&#8221;3.0.71&#8243; show_divider=&#8221;on&#8221; divider_style=&#8221;solid&#8221; divider_position=&#8221;center&#8221; hide_on_mobile=&#8221;on&#8221; color=&#8221;#00a54f&#8221; disabled_on=&#8221;on|on|off&#8221; \/][\/et_pb_column][\/et_pb_row][et_pb_row][et_pb_column type=&#8221;1_2&#8243;][et_pb_image admin_label=&#8221;Valeurs test d-ROM fast&#8221; _builder_version=&#8221;3.0.71&#8243; src=&#8221;https:\/\/stress-oxydatif-solutions.com\/wp-content\/uploads\/2017\/09\/valeurs_test_d-ROM_fast-en-e1504642506169.png&#8221; show_in_lightbox=&#8221;off&#8221; url_new_window=&#8221;off&#8221; use_overlay=&#8221;off&#8221; sticky=&#8221;off&#8221; align=&#8221;center&#8221; always_center_on_mobile=&#8221;on&#8221; border_style=&#8221;solid&#8221; force_fullwidth=&#8221;off&#8221; animation_style=&#8221;slide&#8221; animation_duration=&#8221;500ms&#8221; animation_intensity_slide=&#8221;10%&#8221; animation_direction=&#8221;left&#8221; show_bottom_space=&#8221;on&#8221; border_style_all=&#8221;solid&#8221; \/][\/et_pb_column][et_pb_column type=&#8221;1_2&#8243;][et_pb_text admin_label=&#8221;Test d-ROM fast&#8221; _builder_version=&#8221;3.0.71&#8243; background_layout=&#8221;light&#8221; text_orientation=&#8221;left&#8221; border_style=&#8221;solid&#8221; module_alignment=&#8221;left&#8221; border_style_all=&#8221;solid&#8221;]<\/p>\n<h2>d-ROMs fast test<\/h2>\n<ul>\n<li>d-ROMs fast test (patented) is the evolution of the well-known d-ROMs test that increases the speed of execution only. In fact, the execution time is halved and changes from 5 minutes to 2 minutes and 30 seconds.<\/li>\n<li>d-ROMs fast test measures the haematic concentration of ROM (\u201cReactive Oxygen Metabolites,\u201d Free Radicals) and it is precise, reliable, and repeatable.<\/li>\n<li>The Italian CNR (National Research Center) has confirmed that the results the ESR test (\u201cElectron Spin Resonance\u201d, the gold standard) are, in fact, interchangeable.<\/li>\n<li>Test results are expressed in U CARR, the unit of measurement of Free Radicals and the only one used by the international scientific community.<\/li>\n<li>You only need a small quantity of blood from the fingertip, to perform a Targets and goals of d-ROMs fast test EXAMPLES TARGETS GOALS d-ROMs fast test.<\/li>\n<\/ul>\n<p>[\/et_pb_text][\/et_pb_column][\/et_pb_row][et_pb_row][et_pb_column type=&#8221;4_4&#8243;][et_pb_divider admin_label=&#8221;S\u00e9parateur 1px&#8221; _builder_version=&#8221;3.0.71&#8243; show_divider=&#8221;on&#8221; divider_style=&#8221;solid&#8221; divider_position=&#8221;center&#8221; hide_on_mobile=&#8221;on&#8221; color=&#8221;#00a54f&#8221; disabled_on=&#8221;on|on|off&#8221; \/][\/et_pb_column][\/et_pb_row][et_pb_row _builder_version=&#8221;3.0.71&#8243;][et_pb_column type=&#8221;1_2&#8243;][et_pb_text admin_label=&#8221;Test PAT&#8221; _builder_version=&#8221;3.0.71&#8243; background_layout=&#8221;light&#8221; text_orientation=&#8221;left&#8221; border_style=&#8221;solid&#8221; module_alignment=&#8221;left&#8221; border_style_all=&#8221;solid&#8221;]<\/p>\n<h2>PAT test<\/h2>\n<ul>\n<li>PAT test (patented) is precise, reliable, and repeatable. It measures both the scavenger and antioxidant haematic concentrations in only 1 minute.<\/li>\n<li>PAT test is able to detect and to quantify in a specific manner the scavenger and antioxidant activities in a living organism.<\/li>\n<li>You only need a small quantity of blood from the fingertip to perform a PAT test.<\/li>\n<\/ul>\n<p>[\/et_pb_text][\/et_pb_column][et_pb_column type=&#8221;1_2&#8243;][et_pb_image admin_label=&#8221;Valeurs test PAT&#8221; _builder_version=&#8221;3.0.71&#8243; src=&#8221;https:\/\/stress-oxydatif-solutions.com\/wp-content\/uploads\/2017\/09\/valeurs_test_pat-en-e1504642452279.png&#8221; show_in_lightbox=&#8221;off&#8221; url_new_window=&#8221;off&#8221; use_overlay=&#8221;off&#8221; sticky=&#8221;off&#8221; align=&#8221;center&#8221; always_center_on_mobile=&#8221;on&#8221; border_style=&#8221;solid&#8221; force_fullwidth=&#8221;off&#8221; animation_style=&#8221;slide&#8221; animation_duration=&#8221;500ms&#8221; animation_intensity_slide=&#8221;10%&#8221; animation_direction=&#8221;left&#8221; show_bottom_space=&#8221;on&#8221; border_style_all=&#8221;solid&#8221; \/][\/et_pb_column][\/et_pb_row][et_pb_row][et_pb_column type=&#8221;4_4&#8243;][et_pb_divider admin_label=&#8221;S\u00e9parateur 5px&#8221; _builder_version=&#8221;3.0.71&#8243; show_divider=&#8221;on&#8221; divider_style=&#8221;solid&#8221; divider_position=&#8221;center&#8221; hide_on_mobile=&#8221;on&#8221; divider_weight=&#8221;5&#8243; color=&#8221;#00a54f&#8221; disabled_on=&#8221;on|on|off&#8221; \/][\/et_pb_column][\/et_pb_row][et_pb_row][et_pb_column type=&#8221;1_2&#8243;][et_pb_image admin_label=&#8221;Valeurs OSI&#8221; _builder_version=&#8221;3.0.71&#8243; src=&#8221;https:\/\/stress-oxydatif-solutions.com\/wp-content\/uploads\/2017\/09\/valeurs_indice_osi-en-e1504642281972.png&#8221; show_in_lightbox=&#8221;off&#8221; url_new_window=&#8221;off&#8221; use_overlay=&#8221;off&#8221; sticky=&#8221;off&#8221; align=&#8221;center&#8221; always_center_on_mobile=&#8221;on&#8221; border_style=&#8221;solid&#8221; force_fullwidth=&#8221;off&#8221; animation_style=&#8221;slide&#8221; animation_duration=&#8221;500ms&#8221; animation_intensity_slide=&#8221;10%&#8221; animation_direction=&#8221;left&#8221; show_bottom_space=&#8221;on&#8221; border_style_all=&#8221;solid&#8221; \/][\/et_pb_column][et_pb_column type=&#8221;1_2&#8243;][et_pb_text admin_label=&#8221;Indice OSI&#8221; _builder_version=&#8221;3.0.71&#8243; background_layout=&#8221;light&#8221; text_orientation=&#8221;left&#8221; border_style=&#8221;solid&#8221; module_alignment=&#8221;left&#8221; border_style_all=&#8221;solid&#8221;]<\/p>\n<h2>OSI Index<\/h2>\n<p>The OSI index (Oxidative Stress Index) Know the dangers of OXIDATIVE STRESS! measurement of antioxidants in saliva. sums up in a single value the information obtained from the d-ROMs test and the PAT test and makes easier and more immediate the interpretation of the results. In order to evaluate the validity of OSI, we created a table of 366 OSI values derived by the same number of combinations of d-ROMs and PAT values that is summarized by the table on the left. The OSI index is a perfect starting point for the evaluation of the oxidative stress by the doctor and for an easier understanding from the patient. It also allows for a fast and certain evaluation of the improvement or worsening by therapies and sickness.<\/p>\n<p>[\/et_pb_text][\/et_pb_column][\/et_pb_row][et_pb_row][et_pb_column type=&#8221;4_4&#8243;][et_pb_divider admin_label=&#8221;S\u00e9parateur 1px&#8221; _builder_version=&#8221;3.0.71&#8243; show_divider=&#8221;on&#8221; divider_style=&#8221;solid&#8221; divider_position=&#8221;center&#8221; hide_on_mobile=&#8221;on&#8221; color=&#8221;#00a54f&#8221; disabled_on=&#8221;on|on|off&#8221; \/][\/et_pb_column][\/et_pb_row][et_pb_row][et_pb_column type=&#8221;1_2&#8243;][et_pb_text admin_label=&#8221;Indice OBRI&#8221; _builder_version=&#8221;3.0.71&#8243; background_layout=&#8221;light&#8221; text_orientation=&#8221;left&#8221; border_style=&#8221;solid&#8221; module_alignment=&#8221;left&#8221; border_style_all=&#8221;solid&#8221;]<\/p>\n<h2>OBRI Index<\/h2>\n<p>The OBRI index (Oxidative Balance Risk SCIENTIFIC VALIDATION OF FRAS 5 \u2013 supported by over 700 scientifc references Index &#8211; patented) determines the status of the oxidative balance according to the cholesterol levels and is an interesting predictive index for the cardiovascular risk (Belcaro, Cornelli, Finco. The carotid intima-media thickness modifcation following atorvastatin is bound to the modifcation of the oxidative stress, Journal of cardiovascular pharmacology and therapeutics, 2014).<br \/>\nOBRI evaluates in a reliable, reproducible and repeatable way the cardiovascular risk connected to an altered oxidative balance. OBRI is based on the determination of total cholesterol (CH), of Oxidative Index (OI) and of Protective Index (PI):<\/p>\n<p><em>OBRI = OI \/ PI x 0,0455 x CH<\/em><\/p>\n<p>The OBRI index accounts for OI and PI indexes and for the total cholesterol and represents an important indication of the cardiovascular risk.<\/p>\n<p>[\/et_pb_text][\/et_pb_column][et_pb_column type=&#8221;1_2&#8243;][et_pb_image admin_label=&#8221;Valeurs OBRI&#8221; _builder_version=&#8221;3.0.71&#8243; src=&#8221;https:\/\/stress-oxydatif-solutions.com\/wp-content\/uploads\/2017\/09\/valeurs_indice_obri-en-e1504642176337.png&#8221; show_in_lightbox=&#8221;off&#8221; url_new_window=&#8221;off&#8221; use_overlay=&#8221;off&#8221; sticky=&#8221;off&#8221; align=&#8221;center&#8221; always_center_on_mobile=&#8221;on&#8221; border_style=&#8221;solid&#8221; force_fullwidth=&#8221;off&#8221; animation_style=&#8221;slide&#8221; animation_duration=&#8221;500ms&#8221; animation_intensity_slide=&#8221;10%&#8221; animation_direction=&#8221;left&#8221; show_bottom_space=&#8221;on&#8221; border_style_all=&#8221;solid&#8221; \/][\/et_pb_column][\/et_pb_row][et_pb_row][et_pb_column type=&#8221;4_4&#8243;][et_pb_divider admin_label=&#8221;S\u00e9parateur 5px&#8221; _builder_version=&#8221;3.0.71&#8243; show_divider=&#8221;on&#8221; divider_style=&#8221;solid&#8221; divider_position=&#8221;center&#8221; hide_on_mobile=&#8221;on&#8221; divider_weight=&#8221;5&#8243; color=&#8221;#00a54f&#8221; disabled_on=&#8221;on|on|off&#8221; \/][\/et_pb_column][\/et_pb_row][et_pb_row _builder_version=&#8221;3.0.71&#8243;][et_pb_column type=&#8221;1_2&#8243;][et_pb_image admin_label=&#8221;Valeurs test SAT&#8221; _builder_version=&#8221;3.0.71&#8243; src=&#8221;https:\/\/stress-oxydatif-solutions.com\/wp-content\/uploads\/2017\/09\/valeurs_test_sat-en-e1504641973142.png&#8221; show_in_lightbox=&#8221;off&#8221; url_new_window=&#8221;off&#8221; use_overlay=&#8221;off&#8221; sticky=&#8221;off&#8221; align=&#8221;center&#8221; always_center_on_mobile=&#8221;on&#8221; border_style=&#8221;solid&#8221; force_fullwidth=&#8221;off&#8221; animation_style=&#8221;slide&#8221; animation_duration=&#8221;500ms&#8221; animation_intensity_slide=&#8221;10%&#8221; animation_direction=&#8221;left&#8221; show_bottom_space=&#8221;on&#8221; border_style_all=&#8221;solid&#8221; \/][\/et_pb_column][et_pb_column type=&#8221;1_2&#8243;][et_pb_text admin_label=&#8221;Test SAT&#8221; _builder_version=&#8221;3.0.71&#8243; background_layout=&#8221;light&#8221; text_orientation=&#8221;left&#8221; border_style=&#8221;solid&#8221; module_alignment=&#8221;left&#8221; border_style_all=&#8221;solid&#8221;]<\/p>\n<h1>SAT test<\/h1>\n<ul>\n<li>SAT test is an innovative test for the measurement of antioxidants in saliva.<\/li>\n<li>It is fast (reading time: 1 minute), precise and repeatable.<\/li>\n<li>It is covered by international patents.<\/li>\n<li>When the antioxidant capacity is poor, the oral cavity is not protected enough from the aggression of cariogenic and gram-negative bacteria that cause tooth decay and periodontal diseases.<\/li>\n<li>Knowing the antioxidant capacity of saliva is therefore useful in the prevention of caries and periodontitis.<\/li>\n<\/ul>\n<p>[\/et_pb_text][\/et_pb_column][\/et_pb_row][et_pb_row][et_pb_column type=&#8221;4_4&#8243;][et_pb_divider admin_label=&#8221;S\u00e9parateur 5px&#8221; _builder_version=&#8221;3.0.71&#8243; show_divider=&#8221;on&#8221; divider_style=&#8221;solid&#8221; divider_position=&#8221;center&#8221; hide_on_mobile=&#8221;on&#8221; divider_weight=&#8221;5&#8243; color=&#8221;#00a54f&#8221; disabled_on=&#8221;on|on|off&#8221; \/][\/et_pb_column][\/et_pb_row][et_pb_row _builder_version=&#8221;3.0.71&#8243;][et_pb_column type=&#8221;1_2&#8243;][et_pb_text admin_label=&#8221;OB Manager (txt)&#8221; _builder_version=&#8221;3.0.71&#8243; background_layout=&#8221;light&#8221; text_orientation=&#8221;left&#8221; border_style=&#8221;solid&#8221; module_alignment=&#8221;left&#8221; border_style_all=&#8221;solid&#8221;]<\/p>\n<h2>OB Manager<\/h2>\n<h3>The software for the diagnosis of Oxidative Stress<\/h3>\n<ul>\n<li>The interpretation of d-ROMs fast test and PAT test must be performed by a medical practitioner.<\/li>\n<\/ul>\n<p>We recommend OB Manager software as damage an aid to the diagnosis of Oxidative Stress.<\/p>\n<p>&nbsp;<\/p>\n<h3>Functionalities<\/h3>\n<ul>\n<li>Performs risk assessment.<\/li>\n<li>Saves and files test results.<\/li>\n<li>Calculates the date to begin a regimen of vitamins and antioxidants, where appropriate.<\/li>\n<li>Highlights the date for the next Oxidative Stress check up.<\/li>\n<li>Prints custom reports for both doctor and patient.<\/li>\n<\/ul>\n<p>&nbsp;<br \/>\n[\/et_pb_text][\/et_pb_column][et_pb_column type=&#8221;1_2&#8243;][et_pb_image admin_label=&#8221;Ob Manager (img)&#8221; _builder_version=&#8221;3.0.71&#8243; src=&#8221;https:\/\/stress-oxydatif-solutions.com\/wp-content\/uploads\/2017\/08\/obmanager.pdf.png&#8221; show_in_lightbox=&#8221;off&#8221; url_new_window=&#8221;off&#8221; use_overlay=&#8221;off&#8221; sticky=&#8221;off&#8221; align=&#8221;center&#8221; always_center_on_mobile=&#8221;on&#8221; border_style=&#8221;solid&#8221; force_fullwidth=&#8221;off&#8221; animation_style=&#8221;slide&#8221; animation_duration=&#8221;500ms&#8221; animation_intensity_slide=&#8221;10%&#8221; animation_direction=&#8221;left&#8221; show_bottom_space=&#8221;on&#8221; border_style_all=&#8221;solid&#8221; \/][\/et_pb_column][\/et_pb_row][et_pb_row][et_pb_column type=&#8221;4_4&#8243;][et_pb_divider admin_label=&#8221;S\u00e9parateur 5px&#8221; _builder_version=&#8221;3.0.71&#8243; show_divider=&#8221;on&#8221; divider_style=&#8221;solid&#8221; divider_position=&#8221;center&#8221; hide_on_mobile=&#8221;on&#8221; divider_weight=&#8221;5&#8243; color=&#8221;#00a54f&#8221; disabled_on=&#8221;on|on|off&#8221; \/][et_pb_text admin_label=&#8221;Domaines et conditions&#8221; _builder_version=&#8221;3.0.71&#8243; background_layout=&#8221;light&#8221; text_orientation=&#8221;left&#8221; border_style=&#8221;solid&#8221; module_alignment=&#8221;left&#8221; border_style_all=&#8221;solid&#8221;]<\/p>\n<h1>SCIENTIFIC VALIDATION OF FRAS 5<\/h1>\n<h2>Supported by over 700 scientifc references<\/h2>\n<h3>Areas of interest and some applications of FRAS 5 in human medicine, according to the currently available scientific literature.<\/h3>\n<p>[\/et_pb_text][et_pb_image admin_label=&#8221;Domaines et conditions (img)&#8221; _builder_version=&#8221;3.0.71&#8243; src=&#8221;https:\/\/stress-oxydatif-solutions.com\/wp-content\/uploads\/2017\/09\/domaines-conditions-en.png&#8221; show_in_lightbox=&#8221;off&#8221; url_new_window=&#8221;off&#8221; use_overlay=&#8221;off&#8221; sticky=&#8221;off&#8221; align=&#8221;center&#8221; always_center_on_mobile=&#8221;on&#8221; border_style=&#8221;solid&#8221; force_fullwidth=&#8221;on&#8221; animation_style=&#8221;slide&#8221; animation_duration=&#8221;500ms&#8221; animation_intensity_slide=&#8221;10%&#8221; animation_direction=&#8221;left&#8221; show_bottom_space=&#8221;on&#8221; border_style_all=&#8221;solid&#8221; \/][et_pb_image admin_label=&#8221;Cibles et buts&#8221; _builder_version=&#8221;3.0.71&#8243; src=&#8221;https:\/\/stress-oxydatif-solutions.com\/wp-content\/uploads\/2017\/08\/target-goals-en.png&#8221; show_in_lightbox=&#8221;off&#8221; url_new_window=&#8221;off&#8221; use_overlay=&#8221;off&#8221; sticky=&#8221;off&#8221; align=&#8221;center&#8221; always_center_on_mobile=&#8221;on&#8221; border_style=&#8221;solid&#8221; force_fullwidth=&#8221;on&#8221; animation_style=&#8221;slide&#8221; animation_duration=&#8221;500ms&#8221; animation_intensity_slide=&#8221;10%&#8221; animation_direction=&#8221;left&#8221; show_bottom_space=&#8221;on&#8221; border_style_all=&#8221;solid&#8221; \/][et_pb_divider admin_label=&#8221;S\u00e9parateur 5px&#8221; _builder_version=&#8221;3.0.71&#8243; show_divider=&#8221;on&#8221; divider_style=&#8221;solid&#8221; divider_position=&#8221;center&#8221; hide_on_mobile=&#8221;on&#8221; divider_weight=&#8221;5&#8243; color=&#8221;#00a54f&#8221; disabled_on=&#8221;on|on|off&#8221; \/][et_pb_text admin_label=&#8221;FRAS 5 \u2013 Syst\u00e8me d\u2019analyse des radicaux libres&#8221; _builder_version=&#8221;3.0.71&#8243; background_layout=&#8221;light&#8221; text_orientation=&#8221;left&#8221; border_style=&#8221;solid&#8221; module_alignment=&#8221;left&#8221; border_style_all=&#8221;solid&#8221;]<\/p>\n<h1>FRAS 5 &#8211; Free Radical Analytical System<\/h1>\n<p>&nbsp;<br \/>\n[\/et_pb_text][\/et_pb_column][\/et_pb_row][et_pb_row][et_pb_column type=&#8221;1_2&#8243;][et_pb_image admin_label=&#8221;Image &#8211; Fras5&#8243; _builder_version=&#8221;3.0.71&#8243; src=&#8221;https:\/\/stress-oxydatif-solutions.com\/wp-content\/uploads\/2017\/08\/fras5.png&#8221; show_in_lightbox=&#8221;off&#8221; url_new_window=&#8221;off&#8221; use_overlay=&#8221;off&#8221; sticky=&#8221;off&#8221; align=&#8221;center&#8221; always_center_on_mobile=&#8221;on&#8221; border_style=&#8221;solid&#8221; force_fullwidth=&#8221;off&#8221; animation_style=&#8221;slide&#8221; animation_duration=&#8221;500ms&#8221; animation_intensity_slide=&#8221;10%&#8221; animation_direction=&#8221;left&#8221; show_bottom_space=&#8221;on&#8221; border_style_all=&#8221;solid&#8221; \/][\/et_pb_column][et_pb_column type=&#8221;1_2&#8243;][et_pb_text _builder_version=&#8221;3.0.71&#8243; background_layout=&#8221;light&#8221; text_orientation=&#8221;left&#8221; border_style=&#8221;solid&#8221; module_alignment=&#8221;left&#8221; border_style_all=&#8221;solid&#8221;]<\/p>\n<p><strong>TARGET AUDIENCE:<br \/>\n<\/strong>The latest system by H &amp; D is available to physicians, healcare professionals and private laboratories.<\/p>\n<p><strong>GOAL<\/strong><br \/>\nFRAS 5 performs a global evaluation of oxidative stress by means of the d-ROMs fast test and the PAT tests.<\/p>\n<p><strong>HOW DIFFICULT IS IT TO USE?<\/strong><br \/>\nFRAS 5, is a dedicated photometer, with a built-in centrifuge, it allows the operator to perform the d-ROMs fast test and the PAT test in a simple, step by step procedure, guided by clear prompts on the display. The built-in printer provides a \u201cticket\u201d with the results and the date of testing. Software updates and additional tests, when available, are downloaded through a USB port.<\/p>\n<p>[\/et_pb_text][\/et_pb_column][\/et_pb_row][\/et_pb_section]<\/p>\n","protected":false},"excerpt":{"rendered":"<p>FRAS 5&#8230;<\/p>\n","protected":false},"author":1,"featured_media":0,"parent":63,"menu_order":0,"comment_status":"closed","ping_status":"closed","template":"","meta":{"_et_pb_use_builder":"on","_et_pb_old_content":"<p>Voici un exemple de page. Elle est diff\u00e9rente d\u2019un article de blog, en cela qu\u2019elle restera \u00e0 la m\u00eame place, et s\u2019affichera dans le menu de navigation de votre site (en fonction de votre th\u00e8me). La plupart des gens commencent par \u00e9crire une page \u00ab\u00a0\u00c0 Propos\u00a0\u00bb qui les pr\u00e9sente aux visiteurs potentiels du site. Vous pourriez y \u00e9crire quelque chose de ce tenant\u00a0:<\/p><blockquote><p>Bonjour\u00a0! Je suis un m\u00e9canicien qui aspire \u00e0 devenir un acteur, et ceci est mon blog. J\u2019habite \u00e0 Bordeaux, j\u2019ai un super chien qui s\u2019appelle Russell, et j\u2019aime la vodka-ananas (ainsi que perdre mon temps \u00e0 regarder la pluie tomber).<\/p><\/blockquote><p>...ou bien quelque chose comme cela\u00a0:<\/p><blockquote><p>La soci\u00e9t\u00e9 123 Machin Truc a \u00e9t\u00e9 cr\u00e9\u00e9e en 1971, et n\u2019a cess\u00e9 de proposer au public des machins-trucs de qualit\u00e9 depuis cette ann\u00e9e. Situ\u00e9e \u00e0 Saint-Remy-en-Bouzemont-Saint-Genest-et-Isson, 123 Machin Truc emploie 2\u00a0000 personnes, et fabrique toutes sortes de bidules super pour la communaut\u00e9 bouzemontoise.<\/p><\/blockquote><p>\u00c9tant donn\u00e9 que vous \u00eates un nouvel utilisateur ou une nouvelle utilisatrice de WordPress, vous devriez vous rendre sur votre <a href=\"https:\/\/stress-oxydatif-solutions.com\/wp-admin\/\">tableau de bord<\/a> pour effacer la pr\u00e9sente page, et cr\u00e9er de nouvelles pages avec votre propre contenu. Amusez-vous bien\u00a0!<\/p>","_et_gb_content_width":""},"_links":{"self":[{"href":"https:\/\/stress-oxydatif-solutions.com\/en\/wp-json\/wp\/v2\/pages\/350\/"}],"collection":[{"href":"https:\/\/stress-oxydatif-solutions.com\/en\/wp-json\/wp\/v2\/pages\/"}],"about":[{"href":"https:\/\/stress-oxydatif-solutions.com\/en\/wp-json\/wp\/v2\/types\/page\/"}],"author":[{"embeddable":true,"href":"https:\/\/stress-oxydatif-solutions.com\/en\/wp-json\/wp\/v2\/users\/1\/"}],"replies":[{"embeddable":true,"href":"https:\/\/stress-oxydatif-solutions.com\/en\/wp-json\/wp\/v2\/comments\/?post=350"}],"version-history":[{"count":32,"href":"https:\/\/stress-oxydatif-solutions.com\/en\/wp-json\/wp\/v2\/pages\/350\/revisions\/"}],"predecessor-version":[{"id":403,"href":"https:\/\/stress-oxydatif-solutions.com\/en\/wp-json\/wp\/v2\/pages\/350\/revisions\/403\/"}],"up":[{"embeddable":true,"href":"https:\/\/stress-oxydatif-solutions.com\/en\/wp-json\/wp\/v2\/pages\/63\/"}],"wp:attachment":[{"href":"https:\/\/stress-oxydatif-solutions.com\/en\/wp-json\/wp\/v2\/media\/?parent=350"}],"curies":[{"name":"wp","href":"https:\/\/api.w.org\/{rel}","templated":true}]}}